{"id":9,"date":"2024-06-14T18:35:02","date_gmt":"2024-06-14T16:35:02","guid":{"rendered":"http:\/\/www.ahlogopedie.be\/?page_id=9"},"modified":"2024-06-17T21:50:00","modified_gmt":"2024-06-17T19:50:00","slug":"aurelie-hannard-logopede","status":"publish","type":"page","link":"https:\/\/www.ahlogopedie.be\/","title":{"rendered":"AH Logop\u00e9die"},"content":{"rendered":"\n<div class=\"wp-block-group alignfull has-global-padding is-layout-constrained wp-block-group-is-layout-constrained\" style=\"margin-top:0;margin-bottom:0;padding-top:var(--wp--preset--spacing--0);padding-right:var(--wp--preset--spacing--50);padding-bottom:var(--wp--preset--spacing--0);padding-left:var(--wp--preset--spacing--50)\">\n<div style=\"height:30px\" aria-hidden=\"true\" class=\"wp-block-spacer\"><\/div>\n\n\n\n<div class=\"wp-block-group alignwide has-global-padding is-layout-constrained wp-container-core-group-is-layout-1 wp-block-group-is-layout-constrained\">\n<div class=\"wp-block-columns alignwide is-layout-flex wp-container-core-columns-is-layout-1 wp-block-columns-is-layout-flex\">\n<div class=\"wp-block-column is-layout-flow wp-block-column-is-layout-flow\" style=\"flex-basis:50%\">\n<figure class=\"wp-block-image aligncenter size-large is-resized is-style-rounded\" id=\"presentation\"><img loading=\"lazy\" decoding=\"async\" width=\"1024\" height=\"553\" src=\"http:\/\/www.ahlogopedie.be\/wp-content\/uploads\/2024\/06\/AH-Logopedie-2-1024x553.png\" alt=\"\" class=\"wp-image-32\" style=\"width:491px;height:auto\" srcset=\"https:\/\/www.ahlogopedie.be\/wp-content\/uploads\/2024\/06\/AH-Logopedie-2-1024x553.png 1024w, https:\/\/www.ahlogopedie.be\/wp-content\/uploads\/2024\/06\/AH-Logopedie-2-300x162.png 300w, https:\/\/www.ahlogopedie.be\/wp-content\/uploads\/2024\/06\/AH-Logopedie-2-768x414.png 768w, https:\/\/www.ahlogopedie.be\/wp-content\/uploads\/2024\/06\/AH-Logopedie-2-1536x829.png 1536w, https:\/\/www.ahlogopedie.be\/wp-content\/uploads\/2024\/06\/AH-Logopedie-2-2048x1105.png 2048w\" sizes=\"(max-width: 1024px) 100vw, 1024px\" \/><\/figure>\n<\/div>\n\n\n\n<div class=\"wp-block-column is-vertically-aligned-top is-layout-flow wp-block-column-is-layout-flow\" style=\"flex-basis:40%\">\n<h3 class=\"wp-block-heading is-style-default\">Aur\u00e9lie Hannard Logop\u00e8de<\/h3>\n\n\n\n<ul style=\"line-height:1.75\" class=\"is-style-checkmark-list\">\n<li>rue Z\u00e9bo 5 \u00e0 6800 Bras-Haut (Libramont)<\/li>\n\n\n\n<li><a href=\"mailto:aureliehannard@gmail.com\">aureliehannard@gmail.com<\/a><\/li>\n\n\n\n<li>+32 472 22 56 32<\/li>\n\n\n\n<li>Consultations: lundi, mardi, jeudi, vendredi<\/li>\n\n\n\n<li>Uniquement sur rendez-vous<\/li>\n\n\n\n<li>Conventionn\u00e9e \/ Tarifs INAMI<\/li>\n<\/ul>\n<\/div>\n<\/div>\n\n\n\n<div style=\"height:30px\" aria-hidden=\"true\" class=\"wp-block-spacer\"><\/div>\n\n\n\n<p class=\"has-text-align-center\">Dipl\u00f4m\u00e9e depuis 2009, je suis passionn\u00e9e par la prise en charge des jeunes enfants pr\u00e9sentant des difficult\u00e9s de communication et des retards dans l&#8217;acquisition du langage. <\/p>\n\n\n\n<div style=\"height:30px\" aria-hidden=\"true\" class=\"wp-block-spacer\"><\/div>\n\n\n\n<p class=\"has-text-align-center\">Il est pour moi essentiel de pouvoir les accompagner et les outiller au mieux afin de leur permettre de d\u00e9velopper leur potentiel et de s&#8217;\u00e9panouir.<\/p>\n<\/div>\n\n\n\n<div style=\"height:30px\" aria-hidden=\"true\" class=\"wp-block-spacer\"><\/div>\n<\/div>\n\n\n\n<div class=\"wp-block-group alignfull has-custom-background-color has-custom-grey-background-color has-text-color has-background has-link-color wp-elements-b1181fad90cdad13e0152fd507949271 has-global-padding is-layout-constrained wp-block-group-is-layout-constrained\" style=\"margin-top:0;margin-bottom:0;padding-top:var(--wp--preset--spacing--0);padding-right:var(--wp--preset--spacing--50);padding-bottom:var(--wp--preset--spacing--0);padding-left:var(--wp--preset--spacing--50)\">\n<div style=\"height:30px\" aria-hidden=\"true\" class=\"wp-block-spacer\"><\/div>\n\n\n\n<div class=\"wp-block-group has-custom-background-color has-text-color has-link-color wp-elements-4a7fe2677d84261a28e61feb2a2e6b9e is-vertical is-content-justification-center is-layout-flex wp-container-core-group-is-layout-3 wp-block-group-is-layout-flex\">\n<h2 class=\"wp-block-heading has-text-align-center is-style-asterisk has-custom-background-color has-text-color has-link-color wp-elements-a81863e02570f8fe9b05ce15428928e6\" id=\"domainesintervention\">Mes domaines d&#8217;intervention<\/h2>\n<\/div>\n\n\n\n<div style=\"margin-top:0;margin-bottom:0;height:26px\" aria-hidden=\"true\" class=\"wp-block-spacer\"><\/div>\n\n\n\n<div class=\"wp-block-columns alignwide is-layout-flex wp-container-core-columns-is-layout-2 wp-block-columns-is-layout-flex\">\n<div class=\"wp-block-column is-layout-flow wp-container-core-column-is-layout-3 wp-block-column-is-layout-flow\">\n<h3 class=\"wp-block-heading has-text-align-left is-style-asterisk has-custom-background-color has-text-color has-link-color has-body-font-family has-medium-font-size wp-elements-beeabf23b0156935bd12f35159986be6\" style=\"font-style:normal;font-weight:600\">Trouble du langage oral<\/h3>\n\n\n\n<p class=\"has-text-align-left\">Trouble d\u00e9veloppemental du langage (TDL, anciennement nomm\u00e9 dysphasie) et trouble du langage oral associ\u00e9 \u00e0 un syndrome g\u00e9n\u00e9tique, une d\u00e9ficience intellectuelle ou une d\u00e9ficience auditive.<\/p>\n<\/div>\n\n\n\n<div class=\"wp-block-column is-layout-flow wp-container-core-column-is-layout-4 wp-block-column-is-layout-flow\">\n<h3 class=\"wp-block-heading has-text-align-left is-style-asterisk has-custom-background-color has-text-color has-link-color has-body-font-family has-medium-font-size wp-elements-1ba1a2c54c40422928e053f115d25ee9\" style=\"font-style:normal;font-weight:600\">Trouble des sons de la parole<\/h3>\n\n\n\n<p class=\"has-text-align-left\">Troubles articulatoires, phonologiques, dyspraxie verbale. Form\u00e9e notamment en DNP et Prompt.<\/p>\n<\/div>\n\n\n\n<div class=\"wp-block-column is-layout-flow wp-container-core-column-is-layout-5 wp-block-column-is-layout-flow\">\n<h3 class=\"wp-block-heading has-text-align-left is-style-asterisk has-custom-background-color has-text-color has-link-color has-body-font-family has-medium-font-size wp-elements-0d80c7b3f9043626dcaa4bb37cc9e94c\" style=\"padding-top:0;padding-bottom:0;font-style:normal;font-weight:600\">Mise en place d&#8217;une CAA<\/h3>\n\n\n\n<p class=\"has-text-align-left\">Communication alternative et augmentative: outils robustes (logiciels) et non robustes (TLA, carnets de com, signes, outils visuels, &#8230;).<\/p>\n<\/div>\n<\/div>\n\n\n\n<div style=\"height:var(--wp--preset--spacing--20)\" aria-hidden=\"true\" class=\"wp-block-spacer\"><\/div>\n\n\n\n<div class=\"wp-block-columns alignwide is-layout-flex wp-container-core-columns-is-layout-3 wp-block-columns-is-layout-flex\">\n<div class=\"wp-block-column is-layout-flow wp-container-core-column-is-layout-6 wp-block-column-is-layout-flow\">\n<h3 class=\"wp-block-heading has-text-align-left is-style-asterisk has-custom-background-color has-text-color has-link-color has-body-font-family has-medium-font-size wp-elements-36cc5c43a2f15c569a35b1f5be6ea26e\" style=\"font-style:normal;font-weight:600\">Trouble du spectre de l&#8217;autisme<\/h3>\n\n\n\n<p class=\"has-text-align-left\">Pr\u00e9requis \u00e0 la communication, travail du langage oral, CAA, travail pragmatique, habilet\u00e9s sociales.<\/p>\n<\/div>\n\n\n\n<div class=\"wp-block-column is-layout-flow wp-container-core-column-is-layout-7 wp-block-column-is-layout-flow\">\n<h3 class=\"wp-block-heading has-text-align-left is-style-asterisk has-custom-background-color has-text-color has-link-color has-body-font-family has-medium-font-size wp-elements-35d2bab334fd88c60105ca31976f0483\" style=\"font-style:normal;font-weight:600\">Troubles alimentaires p\u00e9diatriques<\/h3>\n\n\n\n<p class=\"has-text-align-left\">\u00c9valuation et prise en soins selon le mod\u00e8le de Goday, en partenariat avec la famille, le r\u00e9seau m\u00e9dical et param\u00e9dical.<\/p>\n<\/div>\n\n\n\n<div class=\"wp-block-column is-layout-flow wp-container-core-column-is-layout-8 wp-block-column-is-layout-flow\">\n<h3 class=\"wp-block-heading has-text-align-left is-style-asterisk has-custom-background-color has-text-color has-link-color has-body-font-family has-medium-font-size wp-elements-9238d89ddf0d0af86ffc60b53c3b2335\" style=\"font-style:normal;font-weight:600\">Troubles du langage \u00e9crit<\/h3>\n\n\n\n<p class=\"has-text-align-left\">Troubles de l&#8217;acquisition du langage \u00e9crit: travail des pr\u00e9-requis, dyslexie, dysorthographie.<\/p>\n<\/div>\n<\/div>\n\n\n\n<div style=\"height:30px\" aria-hidden=\"true\" class=\"wp-block-spacer\"><\/div>\n<\/div>\n\n\n\n<div class=\"wp-block-group alignfull has-global-padding is-layout-constrained wp-block-group-is-layout-constrained\" style=\"margin-top:0;margin-bottom:0;padding-top:var(--wp--preset--spacing--0);padding-right:var(--wp--preset--spacing--50);padding-bottom:var(--wp--preset--spacing--0);padding-left:var(--wp--preset--spacing--50)\">\n<div style=\"height:30px\" aria-hidden=\"true\" class=\"wp-block-spacer\"><\/div>\n\n\n\n<div class=\"wp-block-group alignwide has-global-padding is-layout-constrained wp-container-core-group-is-layout-5 wp-block-group-is-layout-constrained\">\n<h3 class=\"wp-block-heading has-text-align-center is-style-asterisk has-heading-font-family has-large-font-size\" id=\"citation\"><em>&#8220;Tout le monde est un g\u00e9nie. Mais si vous jugez un poisson sur sa capacit\u00e9 \u00e0 grimper \u00e0 un arbre, il passera sa vie \u00e0 croire qu&#8217;il est stupide&#8221;<\/em><\/h3>\n\n\n\n<div style=\"height:25px\" aria-hidden=\"true\" class=\"wp-block-spacer\"><\/div>\n\n\n\n<figure class=\"wp-block-image aligncenter size-full is-resized\"><img loading=\"lazy\" decoding=\"async\" width=\"744\" height=\"744\" src=\"http:\/\/www.ahlogopedie.be\/wp-content\/uploads\/2024\/06\/Einstein.png\" alt=\"\" class=\"wp-image-30\" style=\"width:105px;height:auto\" srcset=\"https:\/\/www.ahlogopedie.be\/wp-content\/uploads\/2024\/06\/Einstein.png 744w, https:\/\/www.ahlogopedie.be\/wp-content\/uploads\/2024\/06\/Einstein-300x300.png 300w, https:\/\/www.ahlogopedie.be\/wp-content\/uploads\/2024\/06\/Einstein-150x150.png 150w\" sizes=\"(max-width: 744px) 100vw, 744px\" \/><\/figure>\n\n\n\n<div style=\"height:13px\" aria-hidden=\"true\" class=\"wp-block-spacer\"><\/div>\n\n\n\n<p class=\"has-text-align-center\">Albert Einstein<\/p>\n<\/div>\n\n\n\n<div style=\"height:30px\" aria-hidden=\"true\" class=\"wp-block-spacer\"><\/div>\n<\/div>\n\n\n\n<div class=\"wp-block-group alignfull has-custom-background-color has-custom-grey-background-color has-text-color has-background has-link-color wp-elements-fe80a9490be5f95d795fd4dcff35cf49 has-global-padding is-layout-constrained wp-block-group-is-layout-constrained\" style=\"margin-top:0;margin-bottom:0;padding-top:var(--wp--preset--spacing--0);padding-right:var(--wp--preset--spacing--50);padding-bottom:var(--wp--preset--spacing--0);padding-left:var(--wp--preset--spacing--50)\">\n<div style=\"height:30px\" aria-hidden=\"true\" class=\"wp-block-spacer\"><\/div>\n\n\n\n<div class=\"wp-block-group has-custom-background-color has-text-color has-link-color wp-elements-35df312271a67590f89be191afbed6b9 is-vertical is-content-justification-center is-layout-flex wp-container-core-group-is-layout-7 wp-block-group-is-layout-flex\">\n<h2 class=\"wp-block-heading has-text-align-center is-style-asterisk has-custom-background-color has-text-color has-link-color wp-elements-b492be85b12ca9e310ab9c0bcd61ab53\" id=\"localisation\">Localisation<\/h2>\n<\/div>\n\n\n\n<p class=\"has-text-align-center\"><iframe src=\"https:\/\/www.google.com\/maps\/embed?pb=!1m18!1m12!1m3!1d2565.594641013819!2d5.3835697769009485!3d49.98146002102063!2m3!1f0!2f0!3f0!3m2!1i1024!2i768!4f13.1!3m3!1m2!1s0x47c1d601fe817e73%3A0x95e8a09e61104b36!2zQXVyw6lsaWUgSEFOTkFSRCwgTG9nb3DDqGRl!5e0!3m2!1sfr!2sbe!4v1718567555960!5m2!1sfr!2sbe\" width=\"600\" height=\"450\" style=\"border:0;\" allowfullscreen=\"\" loading=\"lazy\" referrerpolicy=\"no-referrer-when-downgrade\"><\/iframe>\n\n<\/p>\n\n\n\n<div style=\"height:30px\" aria-hidden=\"true\" class=\"wp-block-spacer\"><\/div>\n<\/div>\n","protected":false},"excerpt":{"rendered":"<p>Aur\u00e9lie Hannard Logop\u00e8de Dipl\u00f4m\u00e9e depuis 2009, je suis passionn\u00e9e par la prise en charge des jeunes enfants pr\u00e9sentant des difficult\u00e9s de communication et des retards dans l&#8217;acquisition du langage. Il est pour moi essentiel de pouvoir les accompagner et les outiller au mieux afin de leur permettre de d\u00e9velopper leur potentiel et de s&#8217;\u00e9panouir. Mes [&hellip;]<\/p>\n","protected":false},"author":1,"featured_media":0,"parent":0,"menu_order":0,"comment_status":"closed","ping_status":"closed","template":"","meta":{"footnotes":""},"_links":{"self":[{"href":"https:\/\/www.ahlogopedie.be\/index.php\/wp-json\/wp\/v2\/pages\/9"}],"collection":[{"href":"https:\/\/www.ahlogopedie.be\/index.php\/wp-json\/wp\/v2\/pages"}],"about":[{"href":"https:\/\/www.ahlogopedie.be\/index.php\/wp-json\/wp\/v2\/types\/page"}],"author":[{"embeddable":true,"href":"https:\/\/www.ahlogopedie.be\/index.php\/wp-json\/wp\/v2\/users\/1"}],"replies":[{"embeddable":true,"href":"https:\/\/www.ahlogopedie.be\/index.php\/wp-json\/wp\/v2\/comments?post=9"}],"version-history":[{"count":45,"href":"https:\/\/www.ahlogopedie.be\/index.php\/wp-json\/wp\/v2\/pages\/9\/revisions"}],"predecessor-version":[{"id":79,"href":"https:\/\/www.ahlogopedie.be\/index.php\/wp-json\/wp\/v2\/pages\/9\/revisions\/79"}],"wp:attachment":[{"href":"https:\/\/www.ahlogopedie.be\/index.php\/wp-json\/wp\/v2\/media?parent=9"}],"curies":[{"name":"wp","href":"https:\/\/api.w.org\/{rel}","templated":true}]}}